{"id":234,"date":"2025-10-15T15:21:52","date_gmt":"2025-10-15T13:21:52","guid":{"rendered":"https:\/\/v2rent.hu\/?page_id=234"},"modified":"2025-10-15T15:41:18","modified_gmt":"2025-10-15T13:41:18","slug":"turaink","status":"publish","type":"page","link":"https:\/\/v2rent.hu\/he\/turaink\/","title":{"rendered":"T\u00far\u00e1ink"},"content":{"rendered":"<div data-elementor-type=\"wp-page\" data-elementor-id=\"234\" class=\"elementor elementor-234\" data-elementor-post-type=\"page\">\n\t\t\t\t<div class=\"elementor-element elementor-element-cc33876 e-flex e-con-boxed e-con e-parent\" data-id=\"cc33876\" data-element_type=\"container\" data-e-type=\"container\">\n\t\t\t\t\t<div class=\"e-con-inner\">\n\t\t\t\t<div class=\"elementor-element elementor-element-bb0d6c5 elementor-widget elementor-widget-spacer\" data-id=\"bb0d6c5\" data-element_type=\"widget\" data-e-type=\"widget\" data-widget_type=\"spacer.default\">\n\t\t\t\t\t\t\t<div class=\"elementor-spacer\">\n\t\t\t<div class=\"elementor-spacer-inner\"><\/div>\n\t\t<\/div>\n\t\t\t\t\t\t<\/div>\n\t\t\t\t<div class=\"elementor-element elementor-element-a052353 elementor-widget elementor-widget-heading\" data-id=\"a052353\" data-element_type=\"widget\" data-e-type=\"widget\" data-widget_type=\"heading.default\">\n\t\t\t\t\t<h2 class=\"elementor-heading-title elementor-size-default\">T\u00far\u00e1ink<\/h2>\t\t\t\t<\/div>\n\t\t\t\t\t<\/div>\n\t\t\t\t<\/div>\n\t\t<div class=\"elementor-element elementor-element-60c3f08 e-flex e-con-boxed e-con e-parent\" data-id=\"60c3f08\" data-element_type=\"container\" data-e-type=\"container\">\n\t\t\t\t\t<div class=\"e-con-inner\">\n\t\t\t\t<div class=\"elementor-element elementor-element-8b59910 elementor-widget elementor-widget-text-editor\" data-id=\"8b59910\" data-element_type=\"widget\" data-e-type=\"widget\" data-widget_type=\"text-editor.default\">\n\t\t\t\t\t\t\t\t\t<p>Fedezd fel a legszebb motoros \u00fatvonalakat, b\u00e1rhol, ahol szeretn\u00e9l! A <strong>V2RENT<\/strong> t\u00far\u00e1i nem ismernek hat\u00e1rokat: a <strong>H\u00e9reg\u2013Bajna szerpentint\u0151l<\/strong> a <strong>szlov\u00e1k hegyekig<\/strong>, vagy ak\u00e1r t\u00e1volabbi kalandokra is elindulhatsz. Ig\u00e9ny szerint tapasztalt t\u00faravezet\u0151ink seg\u00edtenek abban, hogy minden kanyart \u00e9s minden pillanatot az igazi szabads\u00e1g \u00e9rz\u00e9s\u00e9vel \u00e9lj meg. Tarts vel\u00fcnk, \u00e9s tapasztald meg a motoroz\u00e1s val\u00f3di var\u00e1zs\u00e1t! Aktu\u00e1lis t\u00far\u00e1inkr\u00f3l \u00e9rdekl\u0151dj <a href=\"tel:+36 30 912 85 88\">telefonon<\/a> vagy <a href=\"mailto:hungarocelluloz@gmail.com\">mailben<\/a><\/p>\t\t\t\t\t\t\t\t<\/div>\n\t\t\t\t\t<\/div>\n\t\t\t\t<\/div>\n\t\t<div class=\"elementor-element elementor-element-4c5a0d5 e-flex e-con-boxed e-con e-parent\" data-id=\"4c5a0d5\" data-element_type=\"container\" data-e-type=\"container\">\n\t\t\t\t\t<div class=\"e-con-inner\">\n\t\t\t\t<div class=\"elementor-element elementor-element-2acadbf elementor-widget elementor-widget-gallery\" data-id=\"2acadbf\" data-element_type=\"widget\" data-e-type=\"widget\" data-settings=\"{&quot;columns&quot;:6,&quot;lazyload&quot;:&quot;yes&quot;,&quot;gallery_layout&quot;:&quot;grid&quot;,&quot;columns_tablet&quot;:2,&quot;columns_mobile&quot;:1,&quot;gap&quot;:{&quot;unit&quot;:&quot;px&quot;,&quot;size&quot;:10,&quot;sizes&quot;:[]},&quot;gap_tablet&quot;:{&quot;unit&quot;:&quot;px&quot;,&quot;size&quot;:10,&quot;sizes&quot;:[]},&quot;gap_mobile&quot;:{&quot;unit&quot;:&quot;px&quot;,&quot;size&quot;:10,&quot;sizes&quot;:[]},&quot;link_to&quot;:&quot;file&quot;,&quot;aspect_ratio&quot;:&quot;3:2&quot;,&quot;overlay_background&quot;:&quot;yes&quot;,&quot;content_hover_animation&quot;:&quot;fade-in&quot;}\" data-widget_type=\"gallery.default\">\n\t\t\t\t\t\t\t<div class=\"elementor-gallery__container\">\n\t\t\t\t\t\t\t<a class=\"e-gallery-item elementor-gallery-item elementor-animated-content\" href=\"https:\/\/v2rent.hu\/wp-content\/uploads\/2025\/10\/IMG-20250503-WA0013.jpg\" data-elementor-open-lightbox=\"yes\" data-elementor-lightbox-slideshow=\"2acadbf\" data-elementor-lightbox-title=\"IMG-20250503-WA0013\" data-e-action-hash=\"#elementor-action%3Aaction%3Dlightbox%26settings%3DeyJpZCI6MTk5LCJ1cmwiOiJodHRwczpcL1wvdjJyZW50Lmh1XC93cC1jb250ZW50XC91cGxvYWRzXC8yMDI1XC8xMFwvSU1HLTIwMjUwNTAzLVdBMDAxMy5qcGciLCJzbGlkZXNob3ciOiIyYWNhZGJmIn0%3D\">\n\t\t\t\t\t<div class=\"e-gallery-image elementor-gallery-item__image\" data-thumbnail=\"https:\/\/v2rent.hu\/wp-content\/uploads\/2025\/10\/IMG-20250503-WA0013-768x359.jpg\" data-width=\"768\" data-height=\"359\" aria-label=\"\" role=\"img\" ><\/div>\n\t\t\t\t\t\t\t\t\t\t\t<div class=\"elementor-gallery-item__overlay\"><\/div>\n\t\t\t\t\t\t\t\t\t\t\t\t\t\t<\/a>\n\t\t\t\t\t\t\t<a class=\"e-gallery-item elementor-gallery-item elementor-animated-content\" href=\"https:\/\/v2rent.hu\/wp-content\/uploads\/2025\/10\/1000041298.jpg\" data-elementor-open-lightbox=\"yes\" data-elementor-lightbox-slideshow=\"2acadbf\" data-elementor-lightbox-title=\"1000041298\" data-e-action-hash=\"#elementor-action%3Aaction%3Dlightbox%26settings%3DeyJpZCI6MTk4LCJ1cmwiOiJodHRwczpcL1wvdjJyZW50Lmh1XC93cC1jb250ZW50XC91cGxvYWRzXC8yMDI1XC8xMFwvMTAwMDA0MTI5OC5qcGciLCJzbGlkZXNob3ciOiIyYWNhZGJmIn0%3D\">\n\t\t\t\t\t<div class=\"e-gallery-image elementor-gallery-item__image\" data-thumbnail=\"https:\/\/v2rent.hu\/wp-content\/uploads\/2025\/10\/1000041298-768x432.jpg\" data-width=\"768\" data-height=\"432\" aria-label=\"\" role=\"img\" ><\/div>\n\t\t\t\t\t\t\t\t\t\t\t<div class=\"elementor-gallery-item__overlay\"><\/div>\n\t\t\t\t\t\t\t\t\t\t\t\t\t\t<\/a>\n\t\t\t\t\t\t\t<a class=\"e-gallery-item elementor-gallery-item elementor-animated-content\" href=\"https:\/\/v2rent.hu\/wp-content\/uploads\/2025\/10\/20250702_130708.jpg\" data-elementor-open-lightbox=\"yes\" data-elementor-lightbox-slideshow=\"2acadbf\" data-elementor-lightbox-title=\"20250702_130708\" data-e-action-hash=\"#elementor-action%3Aaction%3Dlightbox%26settings%3DeyJpZCI6MTk2LCJ1cmwiOiJodHRwczpcL1wvdjJyZW50Lmh1XC93cC1jb250ZW50XC91cGxvYWRzXC8yMDI1XC8xMFwvMjAyNTA3MDJfMTMwNzA4LmpwZyIsInNsaWRlc2hvdyI6IjJhY2FkYmYifQ%3D%3D\">\n\t\t\t\t\t<div class=\"e-gallery-image elementor-gallery-item__image\" data-thumbnail=\"https:\/\/v2rent.hu\/wp-content\/uploads\/2025\/10\/20250702_130708-768x359.jpg\" data-width=\"768\" data-height=\"359\" aria-label=\"\" role=\"img\" ><\/div>\n\t\t\t\t\t\t\t\t\t\t\t<div class=\"elementor-gallery-item__overlay\"><\/div>\n\t\t\t\t\t\t\t\t\t\t\t\t\t\t<\/a>\n\t\t\t\t\t\t\t<a class=\"e-gallery-item elementor-gallery-item elementor-animated-content\" href=\"https:\/\/v2rent.hu\/wp-content\/uploads\/2025\/10\/20250502_174154.jpg\" data-elementor-open-lightbox=\"yes\" data-elementor-lightbox-slideshow=\"2acadbf\" data-elementor-lightbox-title=\"20250502_174154\" data-e-action-hash=\"#elementor-action%3Aaction%3Dlightbox%26settings%3DeyJpZCI6MTk1LCJ1cmwiOiJodHRwczpcL1wvdjJyZW50Lmh1XC93cC1jb250ZW50XC91cGxvYWRzXC8yMDI1XC8xMFwvMjAyNTA1MDJfMTc0MTU0LmpwZyIsInNsaWRlc2hvdyI6IjJhY2FkYmYifQ%3D%3D\">\n\t\t\t\t\t<div class=\"e-gallery-image elementor-gallery-item__image\" data-thumbnail=\"https:\/\/v2rent.hu\/wp-content\/uploads\/2025\/10\/20250502_174154-768x359.jpg\" data-width=\"768\" data-height=\"359\" aria-label=\"\" role=\"img\" ><\/div>\n\t\t\t\t\t\t\t\t\t\t\t<div class=\"elementor-gallery-item__overlay\"><\/div>\n\t\t\t\t\t\t\t\t\t\t\t\t\t\t<\/a>\n\t\t\t\t\t\t\t<a class=\"e-gallery-item elementor-gallery-item elementor-animated-content\" href=\"https:\/\/v2rent.hu\/wp-content\/uploads\/2025\/10\/20240714_112908.jpg\" data-elementor-open-lightbox=\"yes\" data-elementor-lightbox-slideshow=\"2acadbf\" data-elementor-lightbox-title=\"20240714_112908\" data-e-action-hash=\"#elementor-action%3Aaction%3Dlightbox%26settings%3DeyJpZCI6MTk0LCJ1cmwiOiJodHRwczpcL1wvdjJyZW50Lmh1XC93cC1jb250ZW50XC91cGxvYWRzXC8yMDI1XC8xMFwvMjAyNDA3MTRfMTEyOTA4LmpwZyIsInNsaWRlc2hvdyI6IjJhY2FkYmYifQ%3D%3D\">\n\t\t\t\t\t<div class=\"e-gallery-image elementor-gallery-item__image\" data-thumbnail=\"https:\/\/v2rent.hu\/wp-content\/uploads\/2025\/10\/20240714_112908-768x355.jpg\" data-width=\"768\" data-height=\"355\" aria-label=\"\" role=\"img\" ><\/div>\n\t\t\t\t\t\t\t\t\t\t\t<div class=\"elementor-gallery-item__overlay\"><\/div>\n\t\t\t\t\t\t\t\t\t\t\t\t\t\t<\/a>\n\t\t\t\t\t\t\t<a class=\"e-gallery-item elementor-gallery-item elementor-animated-content\" href=\"https:\/\/v2rent.hu\/wp-content\/uploads\/2025\/10\/20240502_154143.jpg\" data-elementor-open-lightbox=\"yes\" data-elementor-lightbox-slideshow=\"2acadbf\" data-elementor-lightbox-title=\"20240502_154143\" data-e-action-hash=\"#elementor-action%3Aaction%3Dlightbox%26settings%3DeyJpZCI6MTkzLCJ1cmwiOiJodHRwczpcL1wvdjJyZW50Lmh1XC93cC1jb250ZW50XC91cGxvYWRzXC8yMDI1XC8xMFwvMjAyNDA1MDJfMTU0MTQzLmpwZyIsInNsaWRlc2hvdyI6IjJhY2FkYmYifQ%3D%3D\">\n\t\t\t\t\t<div class=\"e-gallery-image elementor-gallery-item__image\" data-thumbnail=\"https:\/\/v2rent.hu\/wp-content\/uploads\/2025\/10\/20240502_154143-768x359.jpg\" data-width=\"768\" data-height=\"359\" aria-label=\"\" role=\"img\" ><\/div>\n\t\t\t\t\t\t\t\t\t\t\t<div class=\"elementor-gallery-item__overlay\"><\/div>\n\t\t\t\t\t\t\t\t\t\t\t\t\t\t<\/a>\n\t\t\t\t\t<\/div>\n\t\t\t\t\t<\/div>\n\t\t\t\t\t<\/div>\n\t\t\t\t<\/div>\n\t\t<div class=\"elementor-element elementor-element-ca838af e-flex e-con-boxed e-con e-parent\" data-id=\"ca838af\" data-element_type=\"container\" data-e-type=\"container\">\n\t\t\t\t\t<div class=\"e-con-inner\">\n\t\t\t\t<div class=\"elementor-element elementor-element-9155131 elementor-grid-3 elementor-grid-tablet-2 elementor-grid-mobile-1 elementor-posts--thumbnail-top elementor-card-shadow-yes elementor-posts__hover-gradient elementor-widget elementor-widget-posts\" data-id=\"9155131\" data-element_type=\"widget\" data-e-type=\"widget\" data-settings=\"{&quot;pagination_type&quot;:&quot;numbers&quot;,&quot;cards_columns&quot;:&quot;3&quot;,&quot;cards_columns_tablet&quot;:&quot;2&quot;,&quot;cards_columns_mobile&quot;:&quot;1&quot;,&quot;cards_row_gap&quot;:{&quot;unit&quot;:&quot;px&quot;,&quot;size&quot;:35,&quot;sizes&quot;:[]},&quot;cards_row_gap_tablet&quot;:{&quot;unit&quot;:&quot;px&quot;,&quot;size&quot;:&quot;&quot;,&quot;sizes&quot;:[]},&quot;cards_row_gap_mobile&quot;:{&quot;unit&quot;:&quot;px&quot;,&quot;size&quot;:&quot;&quot;,&quot;sizes&quot;:[]}}\" data-widget_type=\"posts.cards\">\n\t\t\t\t<div class=\"elementor-widget-container\">\n\t\t\t\t\t\t\t<div class=\"elementor-posts-container elementor-posts elementor-posts--skin-cards elementor-grid\" role=\"list\">\n\t\t\t\t<article class=\"elementor-post elementor-grid-item post-302 post type-post status-publish format-standard has-post-thumbnail hentry category-turaink\" role=\"listitem\">\n\t\t\t<div class=\"elementor-post__card\">\n\t\t\t\t<a class=\"elementor-post__thumbnail__link\" href=\"https:\/\/v2rent.hu\/he\/2025\/11\/06\/szezonnyito-ingyenes-bemelegito-tura-2026-aprilis-04-esztergom-selmecbanya\/\" tabindex=\"-1\" ><div class=\"elementor-post__thumbnail\"><img fetchpriority=\"high\" decoding=\"async\" width=\"300\" height=\"169\" src=\"https:\/\/v2rent.hu\/wp-content\/uploads\/2025\/11\/esztergom-300x169.jpg\" class=\"attachment-medium size-medium wp-image-305\" alt=\"\" srcset=\"https:\/\/v2rent.hu\/wp-content\/uploads\/2025\/11\/esztergom-300x169.jpg 300w, https:\/\/v2rent.hu\/wp-content\/uploads\/2025\/11\/esztergom-1024x576.jpg 1024w, https:\/\/v2rent.hu\/wp-content\/uploads\/2025\/11\/esztergom-768x432.jpg 768w, https:\/\/v2rent.hu\/wp-content\/uploads\/2025\/11\/esztergom-1536x864.jpg 1536w, https:\/\/v2rent.hu\/wp-content\/uploads\/2025\/11\/esztergom.jpg 1600w\" sizes=\"(max-width: 300px) 100vw, 300px\" \/><\/div><\/a>\n\t\t\t\t<div class=\"elementor-post__text\">\n\t\t\t\t<h3 class=\"elementor-post__title\">\n\t\t\t<a href=\"https:\/\/v2rent.hu\/he\/2025\/11\/06\/szezonnyito-ingyenes-bemelegito-tura-2026-aprilis-04-esztergom-selmecbanya\/\" >\n\t\t\t\tSzezonnyit\u00f3 INGYENES bemeleg\u00edt\u0151 t\u00fara 2026 \u00e1prilis 11. Esztergom \u2013 Selmecb\u00e1nya\t\t\t<\/a>\n\t\t<\/h3>\n\t\t\t\t<div class=\"elementor-post__excerpt\">\n\t\t\t<p>Indul\u00e1s \u00e9s \u00e9rkez\u00e9s Esztergom visegr\u00e1di \u00fat Mol k\u00fat 9 \u00f3ra. K\u00f6nnyed egynapos motoroz\u00e1s Esztergomb\u00f3l a Selmeci-hegys\u00e9g szerpentinjein \u00e1t.Tavaszi friss leveg\u0151, j\u00f3 temp\u00f3j\u00fa kanyarok, egy k\u00f6z\u00f6s<\/p>\n\t\t<\/div>\n\t\t\n\t\t<a class=\"elementor-post__read-more\" href=\"https:\/\/v2rent.hu\/he\/2025\/11\/06\/szezonnyito-ingyenes-bemelegito-tura-2026-aprilis-04-esztergom-selmecbanya\/\" aria-label=\"Read more about Szezonnyit\u00f3 INGYENES bemeleg\u00edt\u0151 t\u00fara 2026 \u00e1prilis 11. Esztergom \u2013 Selmecb\u00e1nya\" tabindex=\"-1\" >\n\t\t\tTov\u00e1bb olvasom \u00bb\t\t<\/a>\n\n\t\t\t\t<\/div>\n\t\t\t\t<div class=\"elementor-post__meta-data\">\n\t\t\t\t\t<span class=\"elementor-post-date\">\n\t\t\t2025.11.06.\t\t<\/span>\n\t\t\t\t<span class=\"elementor-post-avatar\">\n\t\t\t\u05d0\u05d9\u05df \u05ea\u05d2\u05d5\u05d1\u05d5\u05ea\t\t<\/span>\n\t\t\t\t<\/div>\n\t\t\t\t\t<\/div>\n\t\t<\/article>\n\t\t\t\t<article class=\"elementor-post elementor-grid-item post-300 post type-post status-publish format-standard has-post-thumbnail hentry category-turaink\" role=\"listitem\">\n\t\t\t<div class=\"elementor-post__card\">\n\t\t\t\t<a class=\"elementor-post__thumbnail__link\" href=\"https:\/\/v2rent.hu\/he\/2025\/11\/06\/ausztria-motoros-legendai-2026-aprilis-24-26\/\" tabindex=\"-1\" ><div class=\"elementor-post__thumbnail\"><img decoding=\"async\" width=\"142\" height=\"300\" src=\"https:\/\/v2rent.hu\/wp-content\/uploads\/2025\/11\/dakar-142x300.jpg\" class=\"attachment-medium size-medium wp-image-306\" alt=\"\" srcset=\"https:\/\/v2rent.hu\/wp-content\/uploads\/2025\/11\/dakar-142x300.jpg 142w, https:\/\/v2rent.hu\/wp-content\/uploads\/2025\/11\/dakar-484x1024.jpg 484w, https:\/\/v2rent.hu\/wp-content\/uploads\/2025\/11\/dakar-727x1536.jpg 727w, https:\/\/v2rent.hu\/wp-content\/uploads\/2025\/11\/dakar.jpg 757w\" sizes=\"(max-width: 142px) 100vw, 142px\" \/><\/div><\/a>\n\t\t\t\t<div class=\"elementor-post__text\">\n\t\t\t\t<h3 class=\"elementor-post__title\">\n\t\t\t<a href=\"https:\/\/v2rent.hu\/he\/2025\/11\/06\/ausztria-motoros-legendai-2026-aprilis-24-26\/\" >\n\t\t\t\tAusztria motoros legend\u00e1i 2026 \u00e1prilis 24\u201326.\t\t\t<\/a>\n\t\t<\/h3>\n\t\t\t\t<div class=\"elementor-post__excerpt\">\n\t\t\t<p>KTM Motohall &amp; Fahr(T)raum t\u00fara2026. \u00e1prilis 24\u201326.3 nap \/ 2 \u00e9jszaka________________________________________R\u00f6vid le\u00edr\u00e1s:H\u00e1rom nap, k\u00e9t m\u00fazeum, egy versenyp\u00e1lya \u00e9s v\u00e9gtelen kanyar.A V2RENT tavaszi \u00e9lm\u00e9nyt\u00far\u00e1ja nemcsak a<\/p>\n\t\t<\/div>\n\t\t\n\t\t<a class=\"elementor-post__read-more\" href=\"https:\/\/v2rent.hu\/he\/2025\/11\/06\/ausztria-motoros-legendai-2026-aprilis-24-26\/\" aria-label=\"Read more about Ausztria motoros legend\u00e1i 2026 \u00e1prilis 24\u201326.\" tabindex=\"-1\" >\n\t\t\tTov\u00e1bb olvasom \u00bb\t\t<\/a>\n\n\t\t\t\t<\/div>\n\t\t\t\t<div class=\"elementor-post__meta-data\">\n\t\t\t\t\t<span class=\"elementor-post-date\">\n\t\t\t2025.11.06.\t\t<\/span>\n\t\t\t\t<span class=\"elementor-post-avatar\">\n\t\t\t\u05d0\u05d9\u05df \u05ea\u05d2\u05d5\u05d1\u05d5\u05ea\t\t<\/span>\n\t\t\t\t<\/div>\n\t\t\t\t\t<\/div>\n\t\t<\/article>\n\t\t\t\t<article class=\"elementor-post elementor-grid-item post-293 post type-post status-publish format-standard has-post-thumbnail hentry category-turaink\" role=\"listitem\">\n\t\t\t<div class=\"elementor-post__card\">\n\t\t\t\t<a class=\"elementor-post__thumbnail__link\" href=\"https:\/\/v2rent.hu\/he\/2025\/10\/27\/boszniai-vizesesek-utja-2026-aprilis-30-majus-3\/\" tabindex=\"-1\" ><div class=\"elementor-post__thumbnail\"><img decoding=\"async\" width=\"300\" height=\"140\" src=\"https:\/\/v2rent.hu\/wp-content\/uploads\/2025\/09\/438986668_10162020142500962_1685737275899385208_n-300x140.jpg\" class=\"attachment-medium size-medium wp-image-189\" alt=\"\" srcset=\"https:\/\/v2rent.hu\/wp-content\/uploads\/2025\/09\/438986668_10162020142500962_1685737275899385208_n-300x140.jpg 300w, https:\/\/v2rent.hu\/wp-content\/uploads\/2025\/09\/438986668_10162020142500962_1685737275899385208_n-1024x479.jpg 1024w, https:\/\/v2rent.hu\/wp-content\/uploads\/2025\/09\/438986668_10162020142500962_1685737275899385208_n-768x359.jpg 768w, https:\/\/v2rent.hu\/wp-content\/uploads\/2025\/09\/438986668_10162020142500962_1685737275899385208_n-1536x718.jpg 1536w, https:\/\/v2rent.hu\/wp-content\/uploads\/2025\/09\/438986668_10162020142500962_1685737275899385208_n.jpg 2048w\" sizes=\"(max-width: 300px) 100vw, 300px\" \/><\/div><\/a>\n\t\t\t\t<div class=\"elementor-post__text\">\n\t\t\t\t<h3 class=\"elementor-post__title\">\n\t\t\t<a href=\"https:\/\/v2rent.hu\/he\/2025\/10\/27\/boszniai-vizesesek-utja-2026-aprilis-30-majus-3\/\" >\n\t\t\t\tBoszniai v\u00edzes\u00e9sek \u00fatja &#8211; 2026 \u00e1prilis 30 \u2013 m\u00e1jus 3\t\t\t<\/a>\n\t\t<\/h3>\n\t\t\t\t<div class=\"elementor-post__excerpt\">\n\t\t\t<p>N\u00e9gy nap, h\u00e1rom \u00e9j, ezer \u00e9lm\u00e9ny. Minimum l\u00e9tsz\u00e1m 6 motor. Ha valaki a v\u00edzes\u00e9sekre gondol, legt\u00f6bbsz\u00f6r a Plitvicei-tavak jutnak esz\u00e9be. Pedig a Bosznia-Hercegovin\u00e1t \u00e1tszel\u0151 foly\u00f3k<\/p>\n\t\t<\/div>\n\t\t\n\t\t<a class=\"elementor-post__read-more\" href=\"https:\/\/v2rent.hu\/he\/2025\/10\/27\/boszniai-vizesesek-utja-2026-aprilis-30-majus-3\/\" aria-label=\"Read more about Boszniai v\u00edzes\u00e9sek \u00fatja &#8211; 2026 \u00e1prilis 30 \u2013 m\u00e1jus 3\" tabindex=\"-1\" >\n\t\t\tTov\u00e1bb olvasom \u00bb\t\t<\/a>\n\n\t\t\t\t<\/div>\n\t\t\t\t<div class=\"elementor-post__meta-data\">\n\t\t\t\t\t<span class=\"elementor-post-date\">\n\t\t\t2025.10.27.\t\t<\/span>\n\t\t\t\t<span class=\"elementor-post-avatar\">\n\t\t\t\u05d0\u05d9\u05df \u05ea\u05d2\u05d5\u05d1\u05d5\u05ea\t\t<\/span>\n\t\t\t\t<\/div>\n\t\t\t\t\t<\/div>\n\t\t<\/article>\n\t\t\t\t<article class=\"elementor-post elementor-grid-item post-204 post type-post status-publish format-standard has-post-thumbnail hentry category-turaink\" role=\"listitem\">\n\t\t\t<div class=\"elementor-post__card\">\n\t\t\t\t<a class=\"elementor-post__thumbnail__link\" href=\"https:\/\/v2rent.hu\/he\/2025\/10\/14\/csillagtura-a-dolomitokban-julius-2025-3-9\/\" tabindex=\"-1\" ><div class=\"elementor-post__thumbnail\"><img loading=\"lazy\" decoding=\"async\" width=\"300\" height=\"142\" src=\"https:\/\/v2rent.hu\/wp-content\/uploads\/2025\/10\/9d3e52ce-73c3-49bc-bf42-68dfe56c12d1-300x142.jpeg\" class=\"attachment-medium size-medium wp-image-298\" alt=\"\" srcset=\"https:\/\/v2rent.hu\/wp-content\/uploads\/2025\/10\/9d3e52ce-73c3-49bc-bf42-68dfe56c12d1-300x142.jpeg 300w, https:\/\/v2rent.hu\/wp-content\/uploads\/2025\/10\/9d3e52ce-73c3-49bc-bf42-68dfe56c12d1-1024x485.jpeg 1024w, https:\/\/v2rent.hu\/wp-content\/uploads\/2025\/10\/9d3e52ce-73c3-49bc-bf42-68dfe56c12d1-768x363.jpeg 768w, https:\/\/v2rent.hu\/wp-content\/uploads\/2025\/10\/9d3e52ce-73c3-49bc-bf42-68dfe56c12d1-1536x727.jpeg 1536w, https:\/\/v2rent.hu\/wp-content\/uploads\/2025\/10\/9d3e52ce-73c3-49bc-bf42-68dfe56c12d1-2048x969.jpeg 2048w\" sizes=\"(max-width: 300px) 100vw, 300px\" \/><\/div><\/a>\n\t\t\t\t<div class=\"elementor-post__text\">\n\t\t\t\t<h3 class=\"elementor-post__title\">\n\t\t\t<a href=\"https:\/\/v2rent.hu\/he\/2025\/10\/14\/csillagtura-a-dolomitokban-julius-2025-3-9\/\" >\n\t\t\t\tCsillagt\u00fara a Dolomitokban &#8211; 2025 j\u00falius 3 \u2013 9\t\t\t<\/a>\n\t\t<\/h3>\n\t\t\t\t<div class=\"elementor-post__excerpt\">\n\t\t\t<p>Fedezd fel a Dolomitok legszebb h\u00e1g\u00f3it egy hetes motoros csillagt\u00far\u00e1n! K\u00e9nyelmes sz\u00e1ll\u00e1s egy helyen, napi t\u00fara\u00fatvonalak tapasztalt t\u00faravezet\u00e9ssel, l\u00e9legzetel\u00e1ll\u00edt\u00f3 panor\u00e1m\u00e1k \u00e9s igazi motoros \u00e9lm\u00e9nyek minden<\/p>\n\t\t<\/div>\n\t\t\n\t\t<a class=\"elementor-post__read-more\" href=\"https:\/\/v2rent.hu\/he\/2025\/10\/14\/csillagtura-a-dolomitokban-julius-2025-3-9\/\" aria-label=\"Read more about Csillagt\u00fara a Dolomitokban &#8211; 2025 j\u00falius 3 \u2013 9\" tabindex=\"-1\" >\n\t\t\tTov\u00e1bb olvasom \u00bb\t\t<\/a>\n\n\t\t\t\t<\/div>\n\t\t\t\t<div class=\"elementor-post__meta-data\">\n\t\t\t\t\t<span class=\"elementor-post-date\">\n\t\t\t2025.10.14.\t\t<\/span>\n\t\t\t\t<span class=\"elementor-post-avatar\">\n\t\t\t\u05d0\u05d9\u05df \u05ea\u05d2\u05d5\u05d1\u05d5\u05ea\t\t<\/span>\n\t\t\t\t<\/div>\n\t\t\t\t\t<\/div>\n\t\t<\/article>\n\t\t\t\t<\/div>\n\t\t\n\t\t\t\t\t\t<\/div>\n\t\t\t\t<\/div>\n\t\t\t\t\t<\/div>\n\t\t\t\t<\/div>\n\t\t\t\t<\/div>","protected":false},"excerpt":{"rendered":"<p>T\u00far\u00e1ink Fedezd fel a legszebb motoros \u00fatvonalakat, b\u00e1rhol, ahol szeretn\u00e9l! A V2RENT t\u00far\u00e1i nem ismernek hat\u00e1rokat: a H\u00e9reg\u2013Bajna szerpentint\u0151l a szlov\u00e1k hegyekig, vagy ak\u00e1r t\u00e1volabbi kalandokra is elindulhatsz. Ig\u00e9ny szerint tapasztalt t\u00faravezet\u0151ink seg\u00edtenek abban, hogy minden kanyart \u00e9s minden pillanatot az igazi szabads\u00e1g \u00e9rz\u00e9s\u00e9vel \u00e9lj meg. Tarts vel\u00fcnk, \u00e9s tapasztald meg a motoroz\u00e1s val\u00f3di var\u00e1zs\u00e1t! [&hellip;]<\/p>\n","protected":false},"author":1,"featured_media":0,"parent":0,"menu_order":0,"comment_status":"closed","ping_status":"closed","template":"elementor_header_footer","meta":{"footnotes":""},"class_list":["post-234","page","type-page","status-publish","hentry"],"_links":{"self":[{"href":"https:\/\/v2rent.hu\/he\/wp-json\/wp\/v2\/pages\/234","targetHints":{"allow":["GET"]}}],"collection":[{"href":"https:\/\/v2rent.hu\/he\/wp-json\/wp\/v2\/pages"}],"about":[{"href":"https:\/\/v2rent.hu\/he\/wp-json\/wp\/v2\/types\/page"}],"author":[{"embeddable":true,"href":"https:\/\/v2rent.hu\/he\/wp-json\/wp\/v2\/users\/1"}],"replies":[{"embeddable":true,"href":"https:\/\/v2rent.hu\/he\/wp-json\/wp\/v2\/comments?post=234"}],"version-history":[{"count":7,"href":"https:\/\/v2rent.hu\/he\/wp-json\/wp\/v2\/pages\/234\/revisions"}],"predecessor-version":[{"id":264,"href":"https:\/\/v2rent.hu\/he\/wp-json\/wp\/v2\/pages\/234\/revisions\/264"}],"wp:attachment":[{"href":"https:\/\/v2rent.hu\/he\/wp-json\/wp\/v2\/media?parent=234"}],"curies":[{"name":"wp","href":"https:\/\/api.w.org\/{rel}","templated":true}]}}