{"id":268,"date":"2025-10-16T09:35:22","date_gmt":"2025-10-16T07:35:22","guid":{"rendered":"https:\/\/v2rent.hu\/?page_id=268"},"modified":"2025-10-27T11:43:37","modified_gmt":"2025-10-27T10:43:37","slug":"rolunk","status":"publish","type":"page","link":"https:\/\/v2rent.hu\/en\/rolunk\/","title":{"rendered":"About us"},"content":{"rendered":"<div data-elementor-type=\"wp-page\" data-elementor-id=\"268\" class=\"elementor elementor-268\" data-elementor-post-type=\"page\">\n\t\t\t\t<div class=\"elementor-element elementor-element-753829c e-flex e-con-boxed e-con e-parent\" data-id=\"753829c\" data-element_type=\"container\" data-e-type=\"container\">\n\t\t\t\t\t<div class=\"e-con-inner\">\n\t\t\t\t<div class=\"elementor-element elementor-element-7ad0e04 elementor-widget elementor-widget-spacer\" data-id=\"7ad0e04\" data-element_type=\"widget\" data-e-type=\"widget\" data-widget_type=\"spacer.default\">\n\t\t\t\t\t\t\t<div class=\"elementor-spacer\">\n\t\t\t<div class=\"elementor-spacer-inner\"><\/div>\n\t\t<\/div>\n\t\t\t\t\t\t<\/div>\n\t\t\t\t<div class=\"elementor-element elementor-element-8b6784d elementor-widget elementor-widget-heading\" data-id=\"8b6784d\" data-element_type=\"widget\" data-e-type=\"widget\" data-widget_type=\"heading.default\">\n\t\t\t\t\t<h2 class=\"elementor-heading-title elementor-size-default\">About us<\/h2>\t\t\t\t<\/div>\n\t\t\t\t\t<\/div>\n\t\t\t\t<\/div>\n\t\t<div class=\"elementor-element elementor-element-030eb05 e-flex e-con-boxed e-con e-parent\" data-id=\"030eb05\" data-element_type=\"container\" data-e-type=\"container\">\n\t\t\t\t\t<div class=\"e-con-inner\">\n\t\t<div class=\"elementor-element elementor-element-658900b e-con-full e-flex e-con e-child\" data-id=\"658900b\" data-element_type=\"container\" data-e-type=\"container\">\n\t\t\t\t<div class=\"elementor-element elementor-element-a7b201d elementor-widget elementor-widget-image\" data-id=\"a7b201d\" data-element_type=\"widget\" data-e-type=\"widget\" data-widget_type=\"image.default\">\n\t\t\t\t\t\t\t\t\t\t\t\t\t\t\t<img fetchpriority=\"high\" decoding=\"async\" width=\"768\" height=\"354\" src=\"https:\/\/v2rent.hu\/wp-content\/uploads\/2025\/10\/PHOTO-2025-10-22-21-18-44-768x354.jpg\" class=\"attachment-medium_large size-medium_large wp-image-288\" alt=\"\" srcset=\"https:\/\/v2rent.hu\/wp-content\/uploads\/2025\/10\/PHOTO-2025-10-22-21-18-44-768x354.jpg 768w, https:\/\/v2rent.hu\/wp-content\/uploads\/2025\/10\/PHOTO-2025-10-22-21-18-44-300x138.jpg 300w, https:\/\/v2rent.hu\/wp-content\/uploads\/2025\/10\/PHOTO-2025-10-22-21-18-44-1024x472.jpg 1024w, https:\/\/v2rent.hu\/wp-content\/uploads\/2025\/10\/PHOTO-2025-10-22-21-18-44-1536x708.jpg 1536w, https:\/\/v2rent.hu\/wp-content\/uploads\/2025\/10\/PHOTO-2025-10-22-21-18-44.jpg 1600w\" sizes=\"(max-width: 768px) 100vw, 768px\" \/>\t\t\t\t\t\t\t\t\t\t\t\t\t\t\t<\/div>\n\t\t\t\t<div class=\"elementor-element elementor-element-cc8fda3 elementor-widget elementor-widget-text-editor\" data-id=\"cc8fda3\" data-element_type=\"widget\" data-e-type=\"widget\" data-widget_type=\"text-editor.default\">\n\t\t\t\t\t\t\t\t\t<p>My name is Reiner R\u00f3bert, owner of V2RENT.hu.\nI fell in love with motorcycles as a child, and this passion has stayed with me ever since.<\/p><p>This love has taken me all over the world:\nAsia \u2013 Thailand and Turkey\nEurope \u2013 I have visited almost every country from Portugal to Greece.<\/p><p>I created V2RENT so that I could share my experiences and passion with my fellow motorcyclists as a tour guide.<\/p><p>Greece holds a special place in my heart \u2013 the culture, the friendly people, the delicious food, the sea, the lack of traffic, and the endless winding roads provide the perfect motorcycling experience.<\/p><p>The Balkans are just as impressive: authentic landscapes, hospitable people, and a pure sense of freedom.<\/p><p>On our tours, the focus is on motorcycling \u2013 the curves, the speed, and the scenery.\nBut there is always time for hidden villages, local specialties, and little stories found along the way.<\/p>\t\t\t\t\t\t\t\t<\/div>\n\t\t\t\t<\/div>\n\t\t<div class=\"elementor-element elementor-element-081524d e-con-full e-flex e-con e-child\" data-id=\"081524d\" data-element_type=\"container\" data-e-type=\"container\">\n\t\t\t\t<div class=\"elementor-element elementor-element-233474f elementor-widget elementor-widget-image\" data-id=\"233474f\" data-element_type=\"widget\" data-e-type=\"widget\" data-widget_type=\"image.default\">\n\t\t\t\t\t\t\t\t\t\t\t\t\t\t\t<img decoding=\"async\" width=\"605\" height=\"444\" src=\"https:\/\/v2rent.hu\/wp-content\/uploads\/2025\/10\/Kep1.png\" class=\"attachment-medium_large size-medium_large wp-image-272\" alt=\"\" srcset=\"https:\/\/v2rent.hu\/wp-content\/uploads\/2025\/10\/Kep1.png 605w, https:\/\/v2rent.hu\/wp-content\/uploads\/2025\/10\/Kep1-300x220.png 300w\" sizes=\"(max-width: 605px) 100vw, 605px\" \/>\t\t\t\t\t\t\t\t\t\t\t\t\t\t\t<\/div>\n\t\t\t\t<div class=\"elementor-element elementor-element-573101d elementor-widget elementor-widget-text-editor\" data-id=\"573101d\" data-element_type=\"widget\" data-e-type=\"widget\" data-widget_type=\"text-editor.default\">\n\t\t\t\t\t\t\t\t\t<p>As a motorcycle tour guide I rode along Europe\u2019s most beautiful routes \u2014 and fortunately not alone. With my tour groups we crossed the Austrian Alps passes, the Dolomites serpentines, the Balkan countries mountain roads, Transylvania\u2019s wild mountains, and the legendary motorcycling routes of the French and Swiss Alps, Corsica and Sardinia.<\/p><p>Participants returned home each time not only with countless experiences, but also friendships \u2014 and not only because of riding. With us motorcycling is not just about pulling the throttle \ud83d\ude09\u2013 the route can include cultural flavor: local sights, hidden villages, good food and sometimes a story heard only along the road.<\/p><p>My main principle: <strong>we not only go, we also come back <\/strong><strong>\ud83d\ude0a<\/strong> safely and cheerful. The goal is everyone returns home a better rider, richer in experiences, with a big smile.<\/p><p>\ud83d\udc49 <strong>If you find this inspiring, join me on the next tour!<\/strong><br \/>I promise, not only the motorcycle will smile at the end. \ud83c\udfcd\ufe0f<\/p>\t\t\t\t\t\t\t\t<\/div>\n\t\t\t\t<\/div>\n\t\t\t\t\t<\/div>\n\t\t\t\t<\/div>\n\t\t<div class=\"elementor-element elementor-element-ab5fb1e e-flex e-con-boxed e-con e-parent\" data-id=\"ab5fb1e\" data-element_type=\"container\" data-e-type=\"container\">\n\t\t\t\t\t<div class=\"e-con-inner\">\n\t\t\t\t<div class=\"elementor-element elementor-element-898fe63 elementor-align-center elementor-widget elementor-widget-button\" data-id=\"898fe63\" data-element_type=\"widget\" data-e-type=\"widget\" data-widget_type=\"button.default\">\n\t\t\t\t\t\t\t\t\t\t<a class=\"elementor-button elementor-button-link elementor-size-sm\" href=\"https:\/\/www.google.com\/maps\/@47.6127229,18.5058085,3a,75y,37.12h,84.03t\/data=!3m7!1e1!3m5!1sE3yqqakPdqo6pTxYaD9iIQ!2e0!6shttps:%2F%2Fstreetviewpixels-pa.googleapis.com%2Fv1%2Fthumbnail%3Fcb_client%3Dmaps_sv.tactile%26w%3D900%26h%3D600%26pitch%3D5.9651327853324005%26panoid%3DE3yqqakPdqo6pTxYaD9iIQ%26yaw%3D37.1153208606698!7i16384!8i8192?entry=ttu&amp;g_ep=EgoyMDI1MDkxMC4wIKXMDSoASAFQAw%3D%3D\" target=\"_blank\">\n\t\t\t\t\t\t<span class=\"elementor-button-content-wrapper\">\n\t\t\t\t\t\t\t\t\t<span class=\"elementor-button-text\">Route planning to us<\/span>\n\t\t\t\t\t<\/span>\n\t\t\t\t\t<\/a>\n\t\t\t\t\t\t\t\t<\/div>\n\t\t\t\t<div class=\"elementor-element elementor-element-4c23ba7 elementor-widget elementor-widget-spacer\" data-id=\"4c23ba7\" data-element_type=\"widget\" data-e-type=\"widget\" data-widget_type=\"spacer.default\">\n\t\t\t\t\t\t\t<div class=\"elementor-spacer\">\n\t\t\t<div class=\"elementor-spacer-inner\"><\/div>\n\t\t<\/div>\n\t\t\t\t\t\t<\/div>\n\t\t\t\t\t<\/div>\n\t\t\t\t<\/div>\n\t\t\t\t<\/div>","protected":false},"excerpt":{"rendered":"<p>R\u00f3lunk Reiner R\u00f3bert vagyok, a V2RENT.hu oldal tulajdonosa. M\u00e1r gyerekkoromban megfert\u0151z\u0151dtem a motoroz\u00e1s szeretet\u00e9vel, ami az\u00f3ta is \u00e9letem r\u00e9sze. Ez a szenved\u00e9ly juttatott el a vil\u00e1g sz\u00e1mos pontj\u00e1ra \u2013 \u00c1zsi\u00e1ban Thaif\u00f6ld\u00f6n \u00e9s T\u00f6r\u00f6korsz\u00e1gban, Eur\u00f3p\u00e1ban pedig Portug\u00e1li\u00e1t\u00f3l G\u00f6r\u00f6gorsz\u00e1gig szinte minden orsz\u00e1got bemotoroztam. A V2RENT-et az\u00e9rt hoztam l\u00e9tre, hogy t\u00faravezet\u0151k\u00e9nt megoszthassam tapasztalataimat \u00e9s \u00e9lm\u00e9nyeimet m\u00e1s motorosokkal. K\u00fcl\u00f6n\u00f6sen [&hellip;]<\/p>\n","protected":false},"author":1,"featured_media":0,"parent":0,"menu_order":0,"comment_status":"closed","ping_status":"closed","template":"elementor_header_footer","meta":{"footnotes":""},"class_list":["post-268","page","type-page","status-publish","hentry"],"_links":{"self":[{"href":"https:\/\/v2rent.hu\/en\/wp-json\/wp\/v2\/pages\/268","targetHints":{"allow":["GET"]}}],"collection":[{"href":"https:\/\/v2rent.hu\/en\/wp-json\/wp\/v2\/pages"}],"about":[{"href":"https:\/\/v2rent.hu\/en\/wp-json\/wp\/v2\/types\/page"}],"author":[{"embeddable":true,"href":"https:\/\/v2rent.hu\/en\/wp-json\/wp\/v2\/users\/1"}],"replies":[{"embeddable":true,"href":"https:\/\/v2rent.hu\/en\/wp-json\/wp\/v2\/comments?post=268"}],"version-history":[{"count":10,"href":"https:\/\/v2rent.hu\/en\/wp-json\/wp\/v2\/pages\/268\/revisions"}],"predecessor-version":[{"id":292,"href":"https:\/\/v2rent.hu\/en\/wp-json\/wp\/v2\/pages\/268\/revisions\/292"}],"wp:attachment":[{"href":"https:\/\/v2rent.hu\/en\/wp-json\/wp\/v2\/media?parent=268"}],"curies":[{"name":"wp","href":"https:\/\/api.w.org\/{rel}","templated":true}]}}