{"id":232,"date":"2025-10-15T15:20:31","date_gmt":"2025-10-15T13:20:31","guid":{"rendered":"https:\/\/v2rent.hu\/?page_id=232"},"modified":"2025-10-15T15:28:31","modified_gmt":"2025-10-15T13:28:31","slug":"motor","status":"publish","type":"page","link":"https:\/\/v2rent.hu\/en\/motor\/","title":{"rendered":"Motorcycles"},"content":{"rendered":"<div data-elementor-type=\"wp-page\" data-elementor-id=\"232\" class=\"elementor elementor-232\" data-elementor-post-type=\"page\">\n\t\t\t\t<div class=\"elementor-element elementor-element-799ab9f e-flex e-con-boxed e-con e-parent\" data-id=\"799ab9f\" data-element_type=\"container\" data-e-type=\"container\">\n\t\t\t\t\t<div class=\"e-con-inner\">\n\t\t\t\t<div class=\"elementor-element elementor-element-fa3e08e elementor-widget elementor-widget-spacer\" data-id=\"fa3e08e\" data-element_type=\"widget\" data-e-type=\"widget\" data-widget_type=\"spacer.default\">\n\t\t\t\t\t\t\t<div class=\"elementor-spacer\">\n\t\t\t<div class=\"elementor-spacer-inner\"><\/div>\n\t\t<\/div>\n\t\t\t\t\t\t<\/div>\n\t\t\t\t<div class=\"elementor-element elementor-element-4f58b5b elementor-widget elementor-widget-heading\" data-id=\"4f58b5b\" data-element_type=\"widget\" data-e-type=\"widget\" data-widget_type=\"heading.default\">\n\t\t\t\t\t<h2 class=\"elementor-heading-title elementor-size-default\">Motorcycles available for rent<\/h2>\t\t\t\t<\/div>\n\t\t\t\t\t<\/div>\n\t\t\t\t<\/div>\n\t\t<div class=\"elementor-element elementor-element-3e62696 e-flex e-con-boxed e-con e-parent\" data-id=\"3e62696\" data-element_type=\"container\" data-e-type=\"container\">\n\t\t\t\t\t<div class=\"e-con-inner\">\n\t\t<div class=\"elementor-element elementor-element-c59dfa7 e-con-full e-flex e-con e-child\" data-id=\"c59dfa7\" data-element_type=\"container\" data-e-type=\"container\">\n\t\t\t\t<div class=\"elementor-element elementor-element-e15fd03 elementor-widget elementor-widget-image\" data-id=\"e15fd03\" data-element_type=\"widget\" data-e-type=\"widget\" data-widget_type=\"image.default\">\n\t\t\t\t\t\t\t\t\t\t\t\t\t\t\t\t<a href=\"https:\/\/v2rent.hu\/wp-content\/uploads\/2025\/09\/539634898_122099285156995903_3690033820153212879_n.jpg\" data-elementor-open-lightbox=\"yes\" data-elementor-lightbox-title=\"539634898_122099285156995903_3690033820153212879_n\" data-e-action-hash=\"#elementor-action%3Aaction%3Dlightbox%26settings%3DeyJpZCI6MzYsInVybCI6Imh0dHBzOlwvXC92MnJlbnQuaHVcL3dwLWNvbnRlbnRcL3VwbG9hZHNcLzIwMjVcLzA5XC81Mzk2MzQ4OThfMTIyMDk5Mjg1MTU2OTk1OTAzXzM2OTAwMzM4MjAxNTMyMTI4Nzlfbi5qcGcifQ%3D%3D\">\n\t\t\t\t\t\t\t<img fetchpriority=\"high\" decoding=\"async\" width=\"800\" height=\"370\" src=\"https:\/\/v2rent.hu\/wp-content\/uploads\/2025\/09\/539634898_122099285156995903_3690033820153212879_n-1024x473.jpg\" class=\"attachment-large size-large wp-image-36\" alt=\"\" srcset=\"https:\/\/v2rent.hu\/wp-content\/uploads\/2025\/09\/539634898_122099285156995903_3690033820153212879_n-1024x473.jpg 1024w, https:\/\/v2rent.hu\/wp-content\/uploads\/2025\/09\/539634898_122099285156995903_3690033820153212879_n-300x139.jpg 300w, https:\/\/v2rent.hu\/wp-content\/uploads\/2025\/09\/539634898_122099285156995903_3690033820153212879_n-768x355.jpg 768w, https:\/\/v2rent.hu\/wp-content\/uploads\/2025\/09\/539634898_122099285156995903_3690033820153212879_n-1536x709.jpg 1536w, https:\/\/v2rent.hu\/wp-content\/uploads\/2025\/09\/539634898_122099285156995903_3690033820153212879_n.jpg 1600w\" sizes=\"(max-width: 800px) 100vw, 800px\" \/>\t\t\t\t\t\t\t\t<\/a>\n\t\t\t\t\t\t\t\t\t\t\t\t\t\t\t<\/div>\n\t\t\t\t<div class=\"elementor-element elementor-element-48f7d4d elementor-widget elementor-widget-image\" data-id=\"48f7d4d\" data-element_type=\"widget\" data-e-type=\"widget\" data-widget_type=\"image.default\">\n\t\t\t\t\t\t\t\t\t\t\t\t\t\t\t\t<a href=\"https:\/\/v2rent.hu\/wp-content\/uploads\/2025\/09\/540435108_122099285186995903_4635404749518635027_n.jpg\" data-elementor-open-lightbox=\"yes\" data-elementor-lightbox-title=\"540435108_122099285186995903_4635404749518635027_n\" data-e-action-hash=\"#elementor-action%3Aaction%3Dlightbox%26settings%3DeyJpZCI6MzksInVybCI6Imh0dHBzOlwvXC92MnJlbnQuaHVcL3dwLWNvbnRlbnRcL3VwbG9hZHNcLzIwMjVcLzA5XC81NDA0MzUxMDhfMTIyMDk5Mjg1MTg2OTk1OTAzXzQ2MzU0MDQ3NDk1MTg2MzUwMjdfbi5qcGcifQ%3D%3D\">\n\t\t\t\t\t\t\t<img decoding=\"async\" width=\"800\" height=\"345\" src=\"https:\/\/v2rent.hu\/wp-content\/uploads\/2025\/09\/540435108_122099285186995903_4635404749518635027_n-1024x442.jpg\" class=\"attachment-large size-large wp-image-39\" alt=\"\" srcset=\"https:\/\/v2rent.hu\/wp-content\/uploads\/2025\/09\/540435108_122099285186995903_4635404749518635027_n-1024x442.jpg 1024w, https:\/\/v2rent.hu\/wp-content\/uploads\/2025\/09\/540435108_122099285186995903_4635404749518635027_n-300x130.jpg 300w, https:\/\/v2rent.hu\/wp-content\/uploads\/2025\/09\/540435108_122099285186995903_4635404749518635027_n-768x332.jpg 768w, https:\/\/v2rent.hu\/wp-content\/uploads\/2025\/09\/540435108_122099285186995903_4635404749518635027_n-1536x664.jpg 1536w, https:\/\/v2rent.hu\/wp-content\/uploads\/2025\/09\/540435108_122099285186995903_4635404749518635027_n-2048x885.jpg 2048w\" sizes=\"(max-width: 800px) 100vw, 800px\" \/>\t\t\t\t\t\t\t\t<\/a>\n\t\t\t\t\t\t\t\t\t\t\t\t\t\t\t<\/div>\n\t\t\t\t<\/div>\n\t\t<div class=\"elementor-element elementor-element-822f325 e-con-full e-flex e-con e-child\" data-id=\"822f325\" data-element_type=\"container\" data-e-type=\"container\">\n\t\t\t\t<div class=\"elementor-element elementor-element-5d8c29f elementor-widget elementor-widget-text-editor\" data-id=\"5d8c29f\" data-element_type=\"widget\" data-e-type=\"widget\" data-widget_type=\"text-editor.default\">\n\t\t\t\t\t\t\t\t\t<p><strong>Kawasaki Versys 650<\/strong> A powerful, comfortable, and easy-to-handle motorcycle \u2013 the perfect choice for both returning and experienced riders.\nWell maintained and equipped with touring packages.<\/p>\t\t\t\t\t\t\t\t<\/div>\n\t\t\t\t<div class=\"elementor-element elementor-element-fff7210 elementor-widget elementor-widget-heading\" data-id=\"fff7210\" data-element_type=\"widget\" data-e-type=\"widget\" data-widget_type=\"heading.default\">\n\t\t\t\t\t<h4 class=\"elementor-heading-title elementor-size-default\">Prices<\/h4>\t\t\t\t<\/div>\n\t\t\t\t<div class=\"elementor-element elementor-element-3a973f3 elementor-widget elementor-widget-text-editor\" data-id=\"3a973f3\" data-element_type=\"widget\" data-e-type=\"widget\" data-widget_type=\"text-editor.default\">\n\t\t\t\t\t\t\t\t\t<ul><li><strong>1\u20134 days<\/strong>: <strong>30,000 HUF\/day<\/strong><\/li><li><strong>5+ days<\/strong>: <strong>28,000 HUF\/day<\/strong><\/li><\/ul>\t\t\t\t\t\t\t\t<\/div>\n\t\t\t\t<div class=\"elementor-element elementor-element-9eaaf2b elementor-widget elementor-widget-heading\" data-id=\"9eaaf2b\" data-element_type=\"widget\" data-e-type=\"widget\" data-widget_type=\"heading.default\">\n\t\t\t\t\t<h4 class=\"elementor-heading-title elementor-size-default\">Deposit<\/h4>\t\t\t\t<\/div>\n\t\t\t\t<div class=\"elementor-element elementor-element-c930c6d elementor-widget elementor-widget-text-editor\" data-id=\"c930c6d\" data-element_type=\"widget\" data-e-type=\"widget\" data-widget_type=\"text-editor.default\">\n\t\t\t\t\t\t\t\t\t<p>- <strong>250,000 HUF<\/strong> refundable if the motorcycle is returned undamaged.<\/p>\t\t\t\t\t\t\t\t<\/div>\n\t\t\t\t<div class=\"elementor-element elementor-element-00a4f4a elementor-widget elementor-widget-button\" data-id=\"00a4f4a\" data-element_type=\"widget\" data-e-type=\"widget\" data-widget_type=\"button.default\">\n\t\t\t\t\t\t\t\t\t\t<a class=\"elementor-button elementor-button-link elementor-size-sm\" href=\"https:\/\/v2rent.hu\/en\/motorkerekpar-berleti-szerzodes\/\">\n\t\t\t\t\t\t<span class=\"elementor-button-content-wrapper\">\n\t\t\t\t\t\t\t\t\t<span class=\"elementor-button-text\">Motorker\u00e9kp\u00e1r-b\u00e9rleti szerz\u0151d\u00e9s <\/span>\n\t\t\t\t\t<\/span>\n\t\t\t\t\t<\/a>\n\t\t\t\t\t\t\t\t<\/div>\n\t\t\t\t<\/div>\n\t\t\t\t\t<\/div>\n\t\t\t\t<\/div>\n\t\t<div class=\"elementor-element elementor-element-2b009ed e-flex e-con-boxed e-con e-parent\" data-id=\"2b009ed\" data-element_type=\"container\" data-e-type=\"container\" data-settings=\"{&quot;background_background&quot;:&quot;classic&quot;,&quot;shape_divider_top&quot;:&quot;opacity-tilt&quot;,&quot;shape_divider_bottom&quot;:&quot;opacity-tilt&quot;}\">\n\t\t\t\t\t<div class=\"e-con-inner\">\n\t\t\t\t<div class=\"elementor-shape elementor-shape-top\" aria-hidden=\"true\" data-negative=\"false\">\n\t\t\t<svg xmlns=\"http:\/\/www.w3.org\/2000\/svg\" viewbox=\"0 0 2600 131.1\" preserveaspectratio=\"none\">\n\t<path class=\"elementor-shape-fill\" d=\"M0 0L2600 0 2600 69.1 0 0z\"\/>\n\t<path class=\"elementor-shape-fill\" style=\"opacity:0.5\" d=\"M0 0L2600 0 2600 69.1 0 69.1z\"\/>\n\t<path class=\"elementor-shape-fill\" style=\"opacity:0.25\" d=\"M2600 0L0 0 0 130.1 2600 69.1z\"\/>\n<\/svg>\t\t<\/div>\n\t\t\t\t<div class=\"elementor-shape elementor-shape-bottom\" aria-hidden=\"true\" data-negative=\"false\">\n\t\t\t<svg xmlns=\"http:\/\/www.w3.org\/2000\/svg\" viewbox=\"0 0 2600 131.1\" preserveaspectratio=\"none\">\n\t<path class=\"elementor-shape-fill\" d=\"M0 0L2600 0 2600 69.1 0 0z\"\/>\n\t<path class=\"elementor-shape-fill\" style=\"opacity:0.5\" d=\"M0 0L2600 0 2600 69.1 0 69.1z\"\/>\n\t<path class=\"elementor-shape-fill\" style=\"opacity:0.25\" d=\"M2600 0L0 0 0 130.1 2600 69.1z\"\/>\n<\/svg>\t\t<\/div>\n\t\t<div class=\"elementor-element elementor-element-33ff294 e-con-full e-flex e-con e-child\" data-id=\"33ff294\" data-element_type=\"container\" data-e-type=\"container\">\n\t\t\t\t<div class=\"elementor-element elementor-element-8724cac elementor-widget elementor-widget-image\" data-id=\"8724cac\" data-element_type=\"widget\" data-e-type=\"widget\" data-widget_type=\"image.default\">\n\t\t\t\t\t\t\t\t\t\t\t\t\t\t\t<img decoding=\"async\" width=\"473\" height=\"1024\" src=\"https:\/\/v2rent.hu\/wp-content\/uploads\/2025\/09\/545102494_122106481958995903_2132069434661307216_n-473x1024.jpg\" class=\"attachment-large size-large wp-image-149\" alt=\"\" srcset=\"https:\/\/v2rent.hu\/wp-content\/uploads\/2025\/09\/545102494_122106481958995903_2132069434661307216_n-473x1024.jpg 473w, https:\/\/v2rent.hu\/wp-content\/uploads\/2025\/09\/545102494_122106481958995903_2132069434661307216_n-139x300.jpg 139w, https:\/\/v2rent.hu\/wp-content\/uploads\/2025\/09\/545102494_122106481958995903_2132069434661307216_n-768x1662.jpg 768w, https:\/\/v2rent.hu\/wp-content\/uploads\/2025\/09\/545102494_122106481958995903_2132069434661307216_n-710x1536.jpg 710w, https:\/\/v2rent.hu\/wp-content\/uploads\/2025\/09\/545102494_122106481958995903_2132069434661307216_n-946x2048.jpg 946w, https:\/\/v2rent.hu\/wp-content\/uploads\/2025\/09\/545102494_122106481958995903_2132069434661307216_n-scaled.jpg 1183w\" sizes=\"(max-width: 473px) 100vw, 473px\" \/>\t\t\t\t\t\t\t\t\t\t\t\t\t\t\t<\/div>\n\t\t\t\t<\/div>\n\t\t<div class=\"elementor-element elementor-element-28c75f3 e-con-full e-flex e-con e-child\" data-id=\"28c75f3\" data-element_type=\"container\" data-e-type=\"container\">\n\t\t\t\t<div class=\"elementor-element elementor-element-1311cb7 elementor-widget elementor-widget-heading\" data-id=\"1311cb7\" data-element_type=\"widget\" data-e-type=\"widget\" data-widget_type=\"heading.default\">\n\t\t\t\t\t<h2 class=\"elementor-heading-title elementor-size-default\">Airport transfer available<\/h2>\t\t\t\t<\/div>\n\t\t\t\t<div class=\"elementor-element elementor-element-517db4d elementor-widget elementor-widget-text-editor\" data-id=\"517db4d\" data-element_type=\"widget\" data-e-type=\"widget\" data-widget_type=\"text-editor.default\">\n\t\t\t\t\t\t\t\t\t<p>Upon request, we also provide airport transfers at discounted rates, and we will store any luggage you are not using on your trip safely at our premises.<\/p>\t\t\t\t\t\t\t\t<\/div>\n\t\t\t\t<\/div>\n\t\t<div class=\"elementor-element elementor-element-973d7fa e-con-full e-flex e-con e-child\" data-id=\"973d7fa\" data-element_type=\"container\" data-e-type=\"container\">\n\t\t\t\t<div class=\"elementor-element elementor-element-6383c54 elementor-widget elementor-widget-image\" data-id=\"6383c54\" data-element_type=\"widget\" data-e-type=\"widget\" data-widget_type=\"image.default\">\n\t\t\t\t\t\t\t\t\t\t\t\t\t\t\t<img loading=\"lazy\" decoding=\"async\" width=\"473\" height=\"1024\" src=\"https:\/\/v2rent.hu\/wp-content\/uploads\/2025\/09\/545380419_122106481982995903_3527770439399276099_n-473x1024.jpg\" class=\"attachment-large size-large wp-image-150\" alt=\"\" srcset=\"https:\/\/v2rent.hu\/wp-content\/uploads\/2025\/09\/545380419_122106481982995903_3527770439399276099_n-473x1024.jpg 473w, https:\/\/v2rent.hu\/wp-content\/uploads\/2025\/09\/545380419_122106481982995903_3527770439399276099_n-139x300.jpg 139w, https:\/\/v2rent.hu\/wp-content\/uploads\/2025\/09\/545380419_122106481982995903_3527770439399276099_n-768x1662.jpg 768w, https:\/\/v2rent.hu\/wp-content\/uploads\/2025\/09\/545380419_122106481982995903_3527770439399276099_n-710x1536.jpg 710w, https:\/\/v2rent.hu\/wp-content\/uploads\/2025\/09\/545380419_122106481982995903_3527770439399276099_n-946x2048.jpg 946w, https:\/\/v2rent.hu\/wp-content\/uploads\/2025\/09\/545380419_122106481982995903_3527770439399276099_n-scaled.jpg 1183w\" sizes=\"(max-width: 473px) 100vw, 473px\" \/>\t\t\t\t\t\t\t\t\t\t\t\t\t\t\t<\/div>\n\t\t\t\t<\/div>\n\t\t\t\t\t<\/div>\n\t\t\t\t<\/div>\n\t\t\t\t<\/div>","protected":false},"excerpt":{"rendered":"<p>B\u00e9relhet\u0151 motor Kawasaki Versys 650 egy er\u0151teljes, k\u00e9nyelmes \u00e9s j\u00f3l kezelhet\u0151 motor, amely ide\u00e1lis v\u00e1laszt\u00e1s halad\u00f3knak \u00e9s \u00fajrakezd\u0151 motorosoknak egyar\u00e1nt. A motorunk alaposan karbantartott, t\u00faradobozokkal felszerelt. \u00c1raink Napi b\u00e9rl\u00e9s: 30.000 Ft\/nap 5 nap feletti b\u00e9rl\u00e9s eset\u00e9n: 28.000 Ft\/nap Kauci\u00f3 A motor b\u00e9rl\u00e9s\u00e9hez 250.000 Ft kauci\u00f3 sz\u00fcks\u00e9ges, amely visszaj\u00e1r, ha a motor a b\u00e9rl\u00e9s v\u00e9g\u00e9n s\u00e9r\u00fcl\u00e9smentesen [&hellip;]<\/p>\n","protected":false},"author":1,"featured_media":0,"parent":0,"menu_order":0,"comment_status":"closed","ping_status":"closed","template":"elementor_header_footer","meta":{"footnotes":""},"class_list":["post-232","page","type-page","status-publish","hentry"],"_links":{"self":[{"href":"https:\/\/v2rent.hu\/en\/wp-json\/wp\/v2\/pages\/232","targetHints":{"allow":["GET"]}}],"collection":[{"href":"https:\/\/v2rent.hu\/en\/wp-json\/wp\/v2\/pages"}],"about":[{"href":"https:\/\/v2rent.hu\/en\/wp-json\/wp\/v2\/types\/page"}],"author":[{"embeddable":true,"href":"https:\/\/v2rent.hu\/en\/wp-json\/wp\/v2\/users\/1"}],"replies":[{"embeddable":true,"href":"https:\/\/v2rent.hu\/en\/wp-json\/wp\/v2\/comments?post=232"}],"version-history":[{"count":7,"href":"https:\/\/v2rent.hu\/en\/wp-json\/wp\/v2\/pages\/232\/revisions"}],"predecessor-version":[{"id":247,"href":"https:\/\/v2rent.hu\/en\/wp-json\/wp\/v2\/pages\/232\/revisions\/247"}],"wp:attachment":[{"href":"https:\/\/v2rent.hu\/en\/wp-json\/wp\/v2\/media?parent=232"}],"curies":[{"name":"wp","href":"https:\/\/api.w.org\/{rel}","templated":true}]}}