{"id":115,"date":"2025-09-10T14:39:05","date_gmt":"2025-09-10T12:39:05","guid":{"rendered":"https:\/\/v2rent.hu\/?page_id=115"},"modified":"2025-09-10T14:40:36","modified_gmt":"2025-09-10T12:40:36","slug":"motorkerekpar-berleti-szerzodes","status":"publish","type":"page","link":"https:\/\/v2rent.hu\/en\/motorkerekpar-berleti-szerzodes\/","title":{"rendered":"Motorker\u00e9kp\u00e1r-b\u00e9rleti szerz\u0151d\u00e9s"},"content":{"rendered":"\t\t<div data-elementor-type=\"wp-page\" data-elementor-id=\"115\" class=\"elementor elementor-115\" data-elementor-post-type=\"page\">\n\t\t\t\t<div class=\"elementor-element elementor-element-55a099f e-flex e-con-boxed e-con e-parent\" data-id=\"55a099f\" data-element_type=\"container\" data-e-type=\"container\">\n\t\t\t\t\t<div class=\"e-con-inner\">\n\t\t\t\t<div class=\"elementor-element elementor-element-513805d elementor-widget elementor-widget-spacer\" data-id=\"513805d\" data-element_type=\"widget\" data-e-type=\"widget\" data-widget_type=\"spacer.default\">\n\t\t\t\t\t\t\t<div class=\"elementor-spacer\">\n\t\t\t<div class=\"elementor-spacer-inner\"><\/div>\n\t\t<\/div>\n\t\t\t\t\t\t<\/div>\n\t\t\t\t<div class=\"elementor-element elementor-element-dce63bd elementor-widget elementor-widget-heading\" data-id=\"dce63bd\" data-element_type=\"widget\" data-e-type=\"widget\" data-widget_type=\"heading.default\">\n\t\t\t\t\t<h2 class=\"elementor-heading-title elementor-size-default\">Motorker\u00e9kp\u00e1r-b\u00e9rleti szerz\u0151d\u00e9s<\/h2>\t\t\t\t<\/div>\n\t\t\t\t<div class=\"elementor-element elementor-element-57d950c elementor-widget elementor-widget-text-editor\" data-id=\"57d950c\" data-element_type=\"widget\" data-e-type=\"widget\" data-widget_type=\"text-editor.default\">\n\t\t\t\t\t\t\t\t\t<p><em>(V2RENT motork\u00f6lcs\u00f6nz\u0151 r\u00e9sz\u00e9re, mag\u00e1nszem\u00e9ly b\u00e9rl\u0151vel k\u00f6t\u00f6tt szerz\u0151d\u00e9s eset\u00e9n)<\/em><\/p><ol><li><strong> Szerz\u0151d\u0151 felek:<\/strong><\/li><\/ol><p><strong>B\u00e9rbead\u00f3:<\/strong><br \/>N\u00e9v \/ C\u00e9gn\u00e9v: V2RENT<br \/>Sz\u00e9khely: [c\u00edmed]<br \/>Ad\u00f3sz\u00e1m: [ha van]<br \/>K\u00e9pviseli: [neved]<br \/>Telefonsz\u00e1m, e-mail: [el\u00e9rhet\u0151s\u00e9ged]<\/p><p><strong>B\u00e9rl\u0151:<\/strong><br \/>N\u00e9v:<br \/>Lakc\u00edm:<br \/>Szem. ig. sz\u00e1m:<br \/>Jogos\u00edtv\u00e1ny sz\u00e1ma:<br \/>Telefonsz\u00e1m, e-mail:<\/p><p>A felek a mai napon az al\u00e1bbi tartalommal <strong>motorker\u00e9kp\u00e1r-b\u00e9rleti szerz\u0151d\u00e9st<\/strong> k\u00f6tnek.<\/p><ol start=\"2\"><li><strong> A b\u00e9rleti t\u00e1rgy le\u00edr\u00e1sa:<\/strong><br \/>T\u00edpus: <strong>Kawasaki Versys 650<\/strong><br \/>Rendsz\u00e1m: [kit\u00f6ltend\u0151]<br \/>Gy\u00e1rt\u00e1si \u00e9v: [kit\u00f6ltend\u0151]<br \/>\u00c1llapot: J\u00f3 m\u0171szaki \u00e1llapotban, szervizelve<br \/>Tartoz\u00e9kok: [pl. sisak, doboz \u2013 ha van]<\/li><li><strong> A b\u00e9rleti d\u00edj \u00e9s kauci\u00f3:<\/strong><\/li><\/ol><ul><li><strong>B\u00e9rleti d\u00edj:<\/strong><ul><li>1\u20135 napos b\u00e9rl\u00e9s eset\u00e9n: <strong>000 Ft\/nap<\/strong><\/li><li><strong>5 napot meghalad\u00f3<\/strong> b\u00e9rl\u00e9s eset\u00e9n: <strong>000 Ft\/nap<\/strong><\/li><\/ul><\/li><li><strong>Kauci\u00f3:<\/strong> A B\u00e9rl\u0151 <strong>000 Ft kauci\u00f3t<\/strong> fizet k\u00e9szp\u00e9nzben vagy \u00e1tutal\u00e1ssal a b\u00e9rlet megkezd\u00e9se el\u0151tt.<br \/>A kauci\u00f3 visszaj\u00e1r, ha a motorker\u00e9kp\u00e1r <strong>s\u00e9r\u00fcl\u00e9smentesen, teljes tartoz\u00e9kaival egy\u00fctt<\/strong> ker\u00fcl visszaad\u00e1sra.<br \/>S\u00e9r\u00fcl\u00e9s vagy hi\u00e1ny eset\u00e9n a kauci\u00f3b\u00f3l levon\u00e1s t\u00f6rt\u00e9nik.<\/li><\/ul><ol start=\"4\"><li><strong> B\u00e9rleti id\u0151szak:<\/strong><br \/>A b\u00e9rl\u00e9s kezdete: [d\u00e1tum, id\u0151pont]<br \/>Visszahozatal id\u0151pontja: [d\u00e1tum, id\u0151pont]<br \/>K\u00e9sedelmes visszahozatal eset\u00e9n minden megkezdett nap ut\u00e1n <strong>30.000 Ft p\u00f3td\u00edj<\/strong> ker\u00fcl f<\/li><\/ol><p>elsz\u00e1m\u00edt\u00e1sra.<\/p><h3><strong>5. A b\u00e9rl\u00e9s felt\u00e9telei:<\/strong><\/h3><ul><li>A B\u00e9rl\u0151 kijelenti, hogy <strong>\u00e9rv\u00e9nyes A kateg\u00f3ri\u00e1s jogos\u00edtv\u00e1nnyal rendelkezik<\/strong>, \u00e9s tiszt\u00e1ban van a motorker\u00e9kp\u00e1r kezel\u00e9s\u00e9vel.<\/li><li>A B\u00e9rl\u0151 felel\u0151s a j\u00e1rm\u0171 <strong>megfelel\u0151 \u00e9s rendeltet\u00e9sszer\u0171 haszn\u00e1lat\u00e1\u00e9rt<\/strong>, tov\u00e1bb\u00e1 k\u00f6teles minden <strong>k\u00f6zleked\u00e9si szab\u00e1lyt betartani<\/strong>.<\/li><li>A motort kiz\u00e1r\u00f3lag a szerz\u0151d\u00e9sben megnevezett szem\u00e9ly vezetheti.<\/li><li>A motor <strong>k\u00fclf\u00f6ldre vihet\u0151<\/strong>, de ezt a B\u00e9rl\u0151 k\u00f6teles a b\u00e9rbead\u00e1skor jelezni.<\/li><li>A b\u00e9rl\u00e9s sor\u00e1n <strong>napi maxim\u00e1lis megtehet\u0151 t\u00e1vols\u00e1g: 400 km<\/strong>.<ul><li><strong>A 400 km-t meghalad\u00f3 haszn\u00e1lat eset\u00e9n minden tov\u00e1bbi kilom\u00e9ter ut\u00e1n 100 Ft d\u00edjat<\/strong> sz\u00e1m\u00edt fel a B\u00e9rbead\u00f3.<\/li><\/ul><\/li><\/ul><p>\u00a0<\/p><ol start=\"6\"><li><strong> Felel\u0151ss\u00e9g \u00e9s biztos\u00edt\u00e1s:<\/strong><\/li><\/ol><ul><li>A motorker\u00e9kp\u00e1r rendelkezik k\u00f6telez\u0151 felel\u0151ss\u00e9gbiztos\u00edt\u00e1ssal.<\/li><li>A j\u00e1rm\u0171 esetleges <strong>lop\u00e1sa, s\u00e9r\u00fcl\u00e9se, baleset vagy rong\u00e1l\u00f3d\u00e1s<\/strong> eset\u00e9n a B\u00e9rl\u0151 <strong>teljes felel\u0151ss\u00e9ggel tartozik<\/strong>.<\/li><li>A B\u00e9rl\u0151 v\u00e1llalja, hogy b\u00e1rmilyen k\u00e1resem\u00e9nyt azonnal bejelent a B\u00e9rbead\u00f3nak.<\/li><li><strong>A kauci\u00f3 nem mentes\u00edti<\/strong> a B\u00e9rl\u0151t a teljes k\u00e1r\u00e9rt val\u00f3 felel\u0151ss\u00e9g al\u00f3l.<\/li><\/ul><ol start=\"7\"><li><strong> Visszav\u00e9tel \u00e9s ellen\u0151rz\u00e9s:<\/strong><\/li><\/ol><ul><li>A motort a B\u00e9rl\u0151 a megbesz\u00e9lt id\u0151pontra k\u00f6teles <strong>tiszta, s\u00e9rtetlen, teljes tartoz\u00e9kkal ell\u00e1tva<\/strong><\/li><li>A B\u00e9rbead\u00f3 jogosult \u00e1tv\u00e9telkor <strong>r\u00e9szletes \u00e1llapotfelm\u00e9r\u00e9st<\/strong> v\u00e9gezni.<\/li><li>A nem rendeltet\u00e9sszer\u0171 haszn\u00e1latb\u00f3l ered\u0151 meghib\u00e1sod\u00e1sok vagy s\u00e9r\u00fcl\u00e9sek jav\u00edt\u00e1si k\u00f6lts\u00e9ge a B\u00e9rl\u0151t terhelik.<\/li><\/ul><ol start=\"8\"><li><strong> Egy\u00e9b kik\u00f6t\u00e9sek:<\/strong><\/li><\/ol><ul><li>A B\u00e9rl\u0151 <strong>nem jogosult<\/strong> a j\u00e1rm\u0171vet b\u00e9rbe adni, \u00e1truh\u00e1zni, versenyen haszn\u00e1lni vagy oktat\u00e1si c\u00e9lra alkalmazni.<\/li><li>A B\u00e9rbead\u00f3 <strong>b\u00e1rmikor jogosult a szerz\u0151d\u00e9st felmondani<\/strong>, ha a B\u00e9rl\u0151 nem tartja be annak felt\u00e9teleit.<\/li><li>A szerz\u0151d\u00e9sre a magyar jog az ir\u00e1nyad\u00f3, vit\u00e1s k\u00e9rd\u00e9sek eset\u00e9n a felek els\u0151dlegesen egyeztet\u00e9sre t\u00f6rekednek, ennek eredm\u00e9nytelens\u00e9ge eset\u00e9n a <strong>B\u00e9rbead\u00f3 sz\u00e9khelye szerinti b\u00edr\u00f3s\u00e1g illet\u00e9kes<\/strong>.<\/li><\/ul><ol start=\"9\"><li><strong> Z\u00e1rad\u00e9k:<\/strong><br \/>A szerz\u0151d\u0151 felek elolvast\u00e1k, meg\u00e9rtett\u00e9k \u00e9s elfogadt\u00e1k a szerz\u0151d\u00e9s tartalm\u00e1t, azt <strong>j\u00f3v\u00e1hagy\u00f3lag al\u00e1\u00edrt\u00e1k.<\/strong><\/li><\/ol><p>Kelt: ____________, ____________<\/p><p><strong>B\u00e9rbead\u00f3:<\/strong><br \/>Al\u00e1\u00edr\u00e1s: ___________________________<\/p><p><strong>B\u00e9rl\u0151:<\/strong><br \/>Al\u00e1\u00edr\u00e1s: ___________________________<\/p>\t\t\t\t\t\t\t\t<\/div>\n\t\t\t\t\t<\/div>\n\t\t\t\t<\/div>\n\t\t\t\t<\/div>\n\t\t","protected":false},"excerpt":{"rendered":"<p>Motorker\u00e9kp\u00e1r-b\u00e9rleti szerz\u0151d\u00e9s (V2RENT motork\u00f6lcs\u00f6nz\u0151 r\u00e9sz\u00e9re, mag\u00e1nszem\u00e9ly b\u00e9rl\u0151vel k\u00f6t\u00f6tt szerz\u0151d\u00e9s eset\u00e9n) Szerz\u0151d\u0151 felek: B\u00e9rbead\u00f3:N\u00e9v \/ C\u00e9gn\u00e9v: V2RENTSz\u00e9khely: [c\u00edmed]Ad\u00f3sz\u00e1m: [ha van]K\u00e9pviseli: [neved]Telefonsz\u00e1m, e-mail: [el\u00e9rhet\u0151s\u00e9ged] B\u00e9rl\u0151:N\u00e9v:Lakc\u00edm:Szem. ig. sz\u00e1m:Jogos\u00edtv\u00e1ny sz\u00e1ma:Telefonsz\u00e1m, e-mail: A felek a mai napon az al\u00e1bbi tartalommal motorker\u00e9kp\u00e1r-b\u00e9rleti szerz\u0151d\u00e9st k\u00f6tnek. A b\u00e9rleti t\u00e1rgy le\u00edr\u00e1sa:T\u00edpus: Kawasaki Versys 650Rendsz\u00e1m: [kit\u00f6ltend\u0151]Gy\u00e1rt\u00e1si \u00e9v: [kit\u00f6ltend\u0151]\u00c1llapot: J\u00f3 m\u0171szaki \u00e1llapotban, szervizelveTartoz\u00e9kok: [pl. sisak, doboz [&hellip;]<\/p>\n","protected":false},"author":1,"featured_media":0,"parent":0,"menu_order":0,"comment_status":"closed","ping_status":"closed","template":"elementor_header_footer","meta":{"footnotes":""},"class_list":["post-115","page","type-page","status-publish","hentry"],"_links":{"self":[{"href":"https:\/\/v2rent.hu\/en\/wp-json\/wp\/v2\/pages\/115","targetHints":{"allow":["GET"]}}],"collection":[{"href":"https:\/\/v2rent.hu\/en\/wp-json\/wp\/v2\/pages"}],"about":[{"href":"https:\/\/v2rent.hu\/en\/wp-json\/wp\/v2\/types\/page"}],"author":[{"embeddable":true,"href":"https:\/\/v2rent.hu\/en\/wp-json\/wp\/v2\/users\/1"}],"replies":[{"embeddable":true,"href":"https:\/\/v2rent.hu\/en\/wp-json\/wp\/v2\/comments?post=115"}],"version-history":[{"count":4,"href":"https:\/\/v2rent.hu\/en\/wp-json\/wp\/v2\/pages\/115\/revisions"}],"predecessor-version":[{"id":120,"href":"https:\/\/v2rent.hu\/en\/wp-json\/wp\/v2\/pages\/115\/revisions\/120"}],"wp:attachment":[{"href":"https:\/\/v2rent.hu\/en\/wp-json\/wp\/v2\/media?parent=115"}],"curies":[{"name":"wp","href":"https:\/\/api.w.org\/{rel}","templated":true}]}}